{"id":314,"date":"2024-02-27T17:37:39","date_gmt":"2024-02-27T16:37:39","guid":{"rendered":"https:\/\/art-n-sheba.ch\/?post_type=product&#038;p=314"},"modified":"2024-07-27T17:41:36","modified_gmt":"2024-07-27T15:41:36","slug":"sideboard-1960","status":"publish","type":"product","link":"https:\/\/art-n-sheba.ch\/it\/prodotto\/sideboard-1960\/","title":{"rendered":"Credenza 1960"},"content":{"rendered":"<p>Questa credenza svizzera degli anni &#039;60, progettata dal famoso designer Kurt Thut, \u00e8 un capolavoro del design vintage. Realizzato in pino, ha originali ante scorrevoli in truciolare laccato grigio-blu. Con dimensioni di 150 cm di lunghezza, 75 cm di altezza e 45 cm di profondit\u00e0, questo mobile offre un&#039;ampia capacit\u00e0 di stoccaggio. Firmato Victoria M\u00f6bel, questo pezzo \u00e8 in buone condizioni, riflettendo la sua autenticit\u00e0 e qualit\u00e0 eccezionale.<\/p>","protected":false},"excerpt":{"rendered":"<p>Ce sideboard suisse des ann\u00e9es 1960, con\u00e7u par le renomm\u00e9 designer Kurt Thut, est une pi\u00e8ce ma\u00eetresse du design vintage. Fabriqu\u00e9 en pin, il est dot\u00e9 de portes coulissantes en isorel laqu\u00e9 bleu gris d&rsquo;origine. Avec des dimensions de 150 cm de longueur, 75 cm de hauteur et 45 cm de profondeur, ce meuble offre [&hellip;]<\/p>\n","protected":false},"featured_media":308,"template":"","meta":{"_et_pb_use_builder":"","_et_pb_old_content":"","_et_gb_content_width":""},"product_brand":[],"product_cat":[27],"product_tag":[],"class_list":{"0":"post-314","1":"product","2":"type-product","3":"status-publish","4":"has-post-thumbnail","6":"product_cat-mobilier","8":"first","9":"instock","10":"shipping-taxable","11":"purchasable","12":"product-type-simple"},"_links":{"self":[{"href":"https:\/\/art-n-sheba.ch\/it\/wp-json\/wp\/v2\/product\/314","targetHints":{"allow":["GET"]}}],"collection":[{"href":"https:\/\/art-n-sheba.ch\/it\/wp-json\/wp\/v2\/product"}],"about":[{"href":"https:\/\/art-n-sheba.ch\/it\/wp-json\/wp\/v2\/types\/product"}],"wp:featuredmedia":[{"embeddable":true,"href":"https:\/\/art-n-sheba.ch\/it\/wp-json\/wp\/v2\/media\/308"}],"wp:attachment":[{"href":"https:\/\/art-n-sheba.ch\/it\/wp-json\/wp\/v2\/media?parent=314"}],"wp:term":[{"taxonomy":"product_brand","embeddable":true,"href":"https:\/\/art-n-sheba.ch\/it\/wp-json\/wp\/v2\/product_brand?post=314"},{"taxonomy":"product_cat","embeddable":true,"href":"https:\/\/art-n-sheba.ch\/it\/wp-json\/wp\/v2\/product_cat?post=314"},{"taxonomy":"product_tag","embeddable":true,"href":"https:\/\/art-n-sheba.ch\/it\/wp-json\/wp\/v2\/product_tag?post=314"}],"curies":[{"name":"parola chiave","href":"https:\/\/api.w.org\/{rel}","templated":true}]}}