{"id":250,"date":"2024-07-27T11:26:37","date_gmt":"2024-07-27T09:26:37","guid":{"rendered":"https:\/\/art-n-sheba.ch\/?post_type=product&#038;p=250"},"modified":"2024-07-27T18:57:27","modified_gmt":"2024-07-27T16:57:27","slug":"test","status":"publish","type":"product","link":"https:\/\/art-n-sheba.ch\/it\/prodotto\/test\/","title":{"rendered":"Bucrane"},"content":{"rendered":"<p>Questa applique in bronzo, risalente agli anni &#039;70, \u00e8 un modello originale intitolato Longhorn. Le sue dimensioni sono 60\u00d760 cm. Questo pezzo unico pu\u00f2 anche essere montato su uno zoccolo per una presentazione alternativa ed elegante.<\/p>","protected":false},"excerpt":{"rendered":"<p>Questa applique in bronzo, risalente agli anni &#039;70, \u00e8 un modello originale intitolato Longhorn. Le sue dimensioni sono 60\u00d760 cm. Questo pezzo unico pu\u00f2 anche essere montato su uno zoccolo per una presentazione alternativa ed elegante.<\/p>","protected":false},"featured_media":294,"template":"","meta":{"_et_pb_use_builder":"","_et_pb_old_content":"","_et_gb_content_width":""},"product_brand":[],"product_cat":[28],"product_tag":[],"class_list":{"0":"post-250","1":"product","2":"type-product","3":"status-publish","4":"has-post-thumbnail","6":"product_cat-decoration","8":"first","9":"instock","10":"featured","11":"shipping-taxable","12":"purchasable","13":"product-type-simple"},"_links":{"self":[{"href":"https:\/\/art-n-sheba.ch\/it\/wp-json\/wp\/v2\/product\/250","targetHints":{"allow":["GET"]}}],"collection":[{"href":"https:\/\/art-n-sheba.ch\/it\/wp-json\/wp\/v2\/product"}],"about":[{"href":"https:\/\/art-n-sheba.ch\/it\/wp-json\/wp\/v2\/types\/product"}],"wp:featuredmedia":[{"embeddable":true,"href":"https:\/\/art-n-sheba.ch\/it\/wp-json\/wp\/v2\/media\/294"}],"wp:attachment":[{"href":"https:\/\/art-n-sheba.ch\/it\/wp-json\/wp\/v2\/media?parent=250"}],"wp:term":[{"taxonomy":"product_brand","embeddable":true,"href":"https:\/\/art-n-sheba.ch\/it\/wp-json\/wp\/v2\/product_brand?post=250"},{"taxonomy":"product_cat","embeddable":true,"href":"https:\/\/art-n-sheba.ch\/it\/wp-json\/wp\/v2\/product_cat?post=250"},{"taxonomy":"product_tag","embeddable":true,"href":"https:\/\/art-n-sheba.ch\/it\/wp-json\/wp\/v2\/product_tag?post=250"}],"curies":[{"name":"parola chiave","href":"https:\/\/api.w.org\/{rel}","templated":true}]}}