{"id":163,"date":"2024-07-27T06:22:10","date_gmt":"2024-07-27T04:22:10","guid":{"rendered":"https:\/\/art-n-sheba.ch\/?post_type=product&#038;p=163"},"modified":"2024-07-27T17:14:45","modified_gmt":"2024-07-27T15:14:45","slug":"lampadaire-philips","status":"publish","type":"product","link":"https:\/\/art-n-sheba.ch\/it\/prodotto\/lampadaire-philips\/","title":{"rendered":"Lampada da terra Philips"},"content":{"rendered":"<div>\n<div>\n<div>Scopri la lampada da terra modello Philips Nick-Knack, un elegante pezzo di metallo laccato in uno splendido colore blu Klein. Alta 150 cm, questa lampada da terra si distingue per il design moderno e raffinato, apportando un tocco di stile e raffinatezza.<\/div>\n<div><\/div>\n<\/div>\n<div><\/div>\n<\/div>\n<div><\/div>","protected":false},"excerpt":{"rendered":"<p>Scopri la lampada da terra modello Philips Nick-Knack, un elegante pezzo di metallo laccato in uno splendido colore blu Klein. Alta 150 cm, questa lampada da terra si distingue per il design moderno e raffinato, apportando un tocco di stile e raffinatezza.<\/p>","protected":false},"featured_media":140,"template":"","meta":{"_et_pb_use_builder":"on","_et_pb_old_content":"<div>\r\n<div>\r\n<div>D\u00e9couvrez le lampadaire Philips mod\u00e8le Nick-Knack, une pi\u00e8ce \u00e9l\u00e9gante en m\u00e9tal laqu\u00e9 dans une superbe couleur bleu Klein. Mesurant 150 cm de haut, ce lampadaire se distingue par son design moderne et raffin\u00e9, apportant une touche de style et de sophistication.<\/div>\r\n<div><\/div>\r\n<\/div>\r\n<div><\/div>\r\n<\/div>\r\n<div><\/div>","_et_gb_content_width":""},"product_brand":[],"product_cat":[25],"product_tag":[],"class_list":{"0":"post-163","1":"product","2":"type-product","3":"status-publish","4":"has-post-thumbnail","6":"product_cat-lampes","8":"first","9":"instock","10":"shipping-taxable","11":"purchasable","12":"product-type-simple"},"_links":{"self":[{"href":"https:\/\/art-n-sheba.ch\/it\/wp-json\/wp\/v2\/product\/163","targetHints":{"allow":["GET"]}}],"collection":[{"href":"https:\/\/art-n-sheba.ch\/it\/wp-json\/wp\/v2\/product"}],"about":[{"href":"https:\/\/art-n-sheba.ch\/it\/wp-json\/wp\/v2\/types\/product"}],"wp:featuredmedia":[{"embeddable":true,"href":"https:\/\/art-n-sheba.ch\/it\/wp-json\/wp\/v2\/media\/140"}],"wp:attachment":[{"href":"https:\/\/art-n-sheba.ch\/it\/wp-json\/wp\/v2\/media?parent=163"}],"wp:term":[{"taxonomy":"product_brand","embeddable":true,"href":"https:\/\/art-n-sheba.ch\/it\/wp-json\/wp\/v2\/product_brand?post=163"},{"taxonomy":"product_cat","embeddable":true,"href":"https:\/\/art-n-sheba.ch\/it\/wp-json\/wp\/v2\/product_cat?post=163"},{"taxonomy":"product_tag","embeddable":true,"href":"https:\/\/art-n-sheba.ch\/it\/wp-json\/wp\/v2\/product_tag?post=163"}],"curies":[{"name":"parola chiave","href":"https:\/\/api.w.org\/{rel}","templated":true}]}}