{"id":129,"date":"2024-05-02T13:30:17","date_gmt":"2024-05-02T11:30:17","guid":{"rendered":"https:\/\/art-n-sheba.ch\/?post_type=product&#038;p=129"},"modified":"2024-07-27T17:16:43","modified_gmt":"2024-07-27T15:16:43","slug":"oeuvre-4","status":"publish","type":"product","link":"https:\/\/art-n-sheba.ch\/it\/prodotto\/oeuvre-4\/","title":{"rendered":"Coppia di poltrone Coconut degli anni &#039;70"},"content":{"rendered":"<div>Coppia di poltrone Coconut degli anni &#039;70, realizzate in fibra di vetro e interamente riintrecciate con sontuoso tessuto Missoni. Misurando 150 cm di altezza con uno schienale di 45 cm, una larghezza di 70 cm e una profondit\u00e0 di 80 cm, queste poltrone uniscono un design iconico e audace all&#039;eleganza dei pattern Missoni, rendendole pezzi unici e accattivanti. Queste sedie non solo sono esempi eccezionali di innovazione degli anni &#039;70, ma aggiungono anche un tocco di raffinatezza e modernit\u00e0 a qualsiasi arredamento.<\/div>\n<div><\/div>","protected":false},"excerpt":{"rendered":"<p>Paire de fauteuils Coconut des ann\u00e9es 1970, fabriqu\u00e9s en fibre de verre et enti\u00e8rement retiss\u00e9s avec un somptueux tissu Missoni. Mesurant 150 cm de haut avec un dossier de 45 cm, une largeur de 70 cm et une profondeur de 80 cm, ces fauteuils allient design embl\u00e9matique et audacieux \u00e0 l&rsquo;\u00e9l\u00e9gance des motifs Missoni, en [&hellip;]<\/p>\n","protected":false},"featured_media":150,"template":"","meta":{"_et_pb_use_builder":"","_et_pb_old_content":"","_et_gb_content_width":""},"product_brand":[],"product_cat":[27],"product_tag":[],"class_list":{"0":"post-129","1":"product","2":"type-product","3":"status-publish","4":"has-post-thumbnail","6":"product_cat-mobilier","8":"first","9":"instock","10":"featured","11":"shipping-taxable","12":"purchasable","13":"product-type-simple"},"_links":{"self":[{"href":"https:\/\/art-n-sheba.ch\/it\/wp-json\/wp\/v2\/product\/129","targetHints":{"allow":["GET"]}}],"collection":[{"href":"https:\/\/art-n-sheba.ch\/it\/wp-json\/wp\/v2\/product"}],"about":[{"href":"https:\/\/art-n-sheba.ch\/it\/wp-json\/wp\/v2\/types\/product"}],"wp:featuredmedia":[{"embeddable":true,"href":"https:\/\/art-n-sheba.ch\/it\/wp-json\/wp\/v2\/media\/150"}],"wp:attachment":[{"href":"https:\/\/art-n-sheba.ch\/it\/wp-json\/wp\/v2\/media?parent=129"}],"wp:term":[{"taxonomy":"product_brand","embeddable":true,"href":"https:\/\/art-n-sheba.ch\/it\/wp-json\/wp\/v2\/product_brand?post=129"},{"taxonomy":"product_cat","embeddable":true,"href":"https:\/\/art-n-sheba.ch\/it\/wp-json\/wp\/v2\/product_cat?post=129"},{"taxonomy":"product_tag","embeddable":true,"href":"https:\/\/art-n-sheba.ch\/it\/wp-json\/wp\/v2\/product_tag?post=129"}],"curies":[{"name":"parola chiave","href":"https:\/\/api.w.org\/{rel}","templated":true}]}}