{"id":124,"date":"2024-07-27T11:00:34","date_gmt":"2024-07-27T09:00:34","guid":{"rendered":"https:\/\/art-n-sheba.ch\/?post_type=product&#038;p=124"},"modified":"2024-07-27T19:00:06","modified_gmt":"2024-07-27T17:00:06","slug":"table-willy-rizzo","status":"publish","type":"product","link":"https:\/\/art-n-sheba.ch\/it\/prodotto\/table-willy-rizzo\/","title":{"rendered":"Scultura in ferro riciclato saldato e patinato di Cyrille Husson"},"content":{"rendered":"<p>Sculpture en fer de r\u00e9cup\u00e9ration soud\u00e9e et patin\u00e9, une \u0153uvre unique de l&rsquo;artiste contemporain Cyrille Husson. Mesurant 80 x 80 cm, cette pi\u00e8ce t\u00e9moigne du talent de Husson pour transformer des mat\u00e9riaux r\u00e9cup\u00e9r\u00e9s en art saisissant. Son utilisation du fer, alli\u00e9e \u00e0 une patine soigneusement appliqu\u00e9e, donne \u00e0 cette sculpture une texture riche et une profondeur visuelle remarquable. Cette \u0153uvre distinctive apportera une touche d&rsquo;originalit\u00e9 et de caract\u00e8re \u00e0 tout espace.<\/p>","protected":false},"excerpt":{"rendered":"<p>Sculpture en fer de r\u00e9cup\u00e9ration soud\u00e9e et patin\u00e9, une \u0153uvre unique de l&rsquo;artiste contemporain Cyrille Husson. Mesurant 80 x 80 cm, cette pi\u00e8ce t\u00e9moigne du talent de Husson pour transformer des mat\u00e9riaux r\u00e9cup\u00e9r\u00e9s en art saisissant. Son utilisation du fer, alli\u00e9e \u00e0 une patine soigneusement appliqu\u00e9e, donne \u00e0 cette sculpture une texture riche et une [&hellip;]<\/p>\n","protected":false},"featured_media":156,"template":"","meta":{"_et_pb_use_builder":"on","_et_pb_old_content":"Sculpture en fer de r\u00e9cup\u00e9ration soud\u00e9e et patin\u00e9, une \u0153uvre unique de l'artiste contemporain Cyrille Husson. Mesurant 80 x 80 cm, cette pi\u00e8ce t\u00e9moigne du talent de Husson pour transformer des mat\u00e9riaux r\u00e9cup\u00e9r\u00e9s en art saisissant. Son utilisation du fer, alli\u00e9e \u00e0 une patine soigneusement appliqu\u00e9e, donne \u00e0 cette sculpture une texture riche et une profondeur visuelle remarquable. Cette \u0153uvre distinctive apportera une touche d'originalit\u00e9 et de caract\u00e8re \u00e0 tout espace.","_et_gb_content_width":""},"product_brand":[],"product_cat":[26],"product_tag":[],"class_list":{"0":"post-124","1":"product","2":"type-product","3":"status-publish","4":"has-post-thumbnail","6":"product_cat-sculpture","8":"first","9":"instock","10":"featured","11":"shipping-taxable","12":"purchasable","13":"product-type-simple"},"_links":{"self":[{"href":"https:\/\/art-n-sheba.ch\/it\/wp-json\/wp\/v2\/product\/124","targetHints":{"allow":["GET"]}}],"collection":[{"href":"https:\/\/art-n-sheba.ch\/it\/wp-json\/wp\/v2\/product"}],"about":[{"href":"https:\/\/art-n-sheba.ch\/it\/wp-json\/wp\/v2\/types\/product"}],"wp:featuredmedia":[{"embeddable":true,"href":"https:\/\/art-n-sheba.ch\/it\/wp-json\/wp\/v2\/media\/156"}],"wp:attachment":[{"href":"https:\/\/art-n-sheba.ch\/it\/wp-json\/wp\/v2\/media?parent=124"}],"wp:term":[{"taxonomy":"product_brand","embeddable":true,"href":"https:\/\/art-n-sheba.ch\/it\/wp-json\/wp\/v2\/product_brand?post=124"},{"taxonomy":"product_cat","embeddable":true,"href":"https:\/\/art-n-sheba.ch\/it\/wp-json\/wp\/v2\/product_cat?post=124"},{"taxonomy":"product_tag","embeddable":true,"href":"https:\/\/art-n-sheba.ch\/it\/wp-json\/wp\/v2\/product_tag?post=124"}],"curies":[{"name":"parola chiave","href":"https:\/\/api.w.org\/{rel}","templated":true}]}}