{"id":2,"date":"2024-04-27T13:09:08","date_gmt":"2024-04-27T13:09:08","guid":{"rendered":"http:\/\/art-n-sheba.ch\/?page_id=2"},"modified":"2024-07-27T13:46:28","modified_gmt":"2024-07-27T11:46:28","slug":"mentions-legales","status":"publish","type":"page","link":"https:\/\/art-n-sheba.ch\/it\/mentions-legales\/","title":{"rendered":"mentions-legales"},"content":{"rendered":"<p>[et_pb_section fb_built=\u00a0\u00bb1&Prime; _builder_version=\u00a0\u00bb4.25.0&Prime; _module_preset=\u00a0\u00bbdefault\u00a0\u00bb background_color=\u00a0\u00bb#000000&Prime; custom_margin=\u00a0\u00bb0px||0px||true|false\u00a0\u00bb custom_padding=\u00a0\u00bb0px||0px||true|false\u00a0\u00bb global_colors_info=\u00a0\u00bb{}\u00a0\u00bb][et_pb_row _builder_version=\u00a0\u00bb4.27.0&Prime; _module_preset=\u00a0\u00bbdefault\u00a0\u00bb width=\u00a0\u00bb89%\u00a0\u00bb max_width=\u00a0\u00bb2560px\u00a0\u00bb hover_enabled=\u00a0\u00bb0&Prime; global_colors_info=\u00a0\u00bb{}\u00a0\u00bb sticky_enabled=\u00a0\u00bb0&Prime;][et_pb_column type=\u00a0\u00bb4_4&Prime; _builder_version=\u00a0\u00bb4.25.0&Prime; _module_preset=\u00a0\u00bbdefault\u00a0\u00bb global_colors_info=\u00a0\u00bb{}\u00a0\u00bb][et_pb_text _builder_version=\u00a0\u00bb4.27.0&Prime; _module_preset=\u00a0\u00bbdefault\u00a0\u00bb text_text_color=\u00a0\u00bb#FFFFFF\u00a0\u00bb header_font=\u00a0\u00bbMontserrat|600|||||||\u00a0\u00bb header_text_color=\u00a0\u00bb#FFFFFF\u00a0\u00bb header_font_size=\u00a0\u00bb6vw\u00a0\u00bb header_2_font=\u00a0\u00bb|||on|||||\u00a0\u00bb header_2_text_color=\u00a0\u00bb#FFFFFF\u00a0\u00bb header_2_font_size=\u00a0\u00bb2vw\u00a0\u00bb custom_margin=\u00a0\u00bb50px||0px||false|false\u00a0\u00bb custom_padding=\u00a0\u00bb0px||0px||false|false\u00a0\u00bb hover_enabled=\u00a0\u00bb0&Prime; global_colors_info=\u00a0\u00bb{}\u00a0\u00bb header_font_size_last_edited=\u00a0\u00bbon|tablet\u00a0\u00bb sticky_enabled=\u00a0\u00bb0&Prime; header_font_size_tablet=\u00a0\u00bb13vw\u00a0\u00bb header_2_font_size_last_edited=\u00a0\u00bbon|tablet\u00a0\u00bb header_2_font_size_tablet=\u00a0\u00bb6vw\u00a0\u00bb header_font_size_phone=\u00a0\u00bb13vw\u00a0\u00bb header_2_font_size_phone=\u00a0\u00bb6vw\u00a0\u00bb]<\/p>\n<h1>Sheba<\/h1>\n<h2>Mentions l\u00e9gales<\/h2>\n<p>[\/et_pb_text][\/et_pb_column][\/et_pb_row][et_pb_row use_custom_gutter=\u00a0\u00bbon\u00a0\u00bb gutter_width=\u00a0\u00bb1&Prime; custom_padding_last_edited=\u00a0\u00bbon|phone\u00a0\u00bb _builder_version=\u00a0\u00bb4.27.0&Prime; _module_preset=\u00a0\u00bbdefault\u00a0\u00bb background_color=\u00a0\u00bb#cccccc\u00a0\u00bb width=\u00a0\u00bb89%\u00a0\u00bb max_width=\u00a0\u00bb2560px\u00a0\u00bb custom_margin=\u00a0\u00bb0px||0px||false|false\u00a0\u00bb custom_padding=\u00a0\u00bb0px|70px|10px|70px|false|true\u00a0\u00bb custom_padding_tablet=\u00a0\u00bb|20px||20px|false|true\u00a0\u00bb custom_padding_phone=\u00a0\u00bb|10px||10px|false|true\u00a0\u00bb global_colors_info=\u00a0\u00bb{}\u00a0\u00bb][et_pb_column type=\u00a0\u00bb4_4&Prime; _builder_version=\u00a0\u00bb4.25.0&Prime; _module_preset=\u00a0\u00bbdefault\u00a0\u00bb global_colors_info=\u00a0\u00bb{}\u00a0\u00bb][et_pb_text _builder_version=\u00a0\u00bb4.27.0&Prime; _module_preset=\u00a0\u00bbdefault\u00a0\u00bb text_font=\u00a0\u00bb|300|||||||\u00a0\u00bb text_text_color=\u00a0\u00bb#000000&Prime; text_font_size=\u00a0\u00bb13px\u00a0\u00bb text_line_height=\u00a0\u00bb1.5em\u00a0\u00bb link_font=\u00a0\u00bb|800|||on||||\u00a0\u00bb link_text_color=\u00a0\u00bb#000000&Prime; header_font=\u00a0\u00bbMontserrat|700|||||||\u00a0\u00bb header_text_color=\u00a0\u00bb#FFFFFF\u00a0\u00bb header_font_size=\u00a0\u00bb3vw\u00a0\u00bb header_2_font=\u00a0\u00bbMontserrat|500|||||||\u00a0\u00bb header_2_text_color=\u00a0\u00bb#FFFFFF\u00a0\u00bb header_2_font_size=\u00a0\u00bb45px\u00a0\u00bb header_4_font=\u00a0\u00bb|||||on|||\u00a0\u00bb header_4_line_height=\u00a0\u00bb1.4em\u00a0\u00bb z_index=\u00a0\u00bb120&Prime; custom_margin=\u00a0\u00bb||||false|false\u00a0\u00bb custom_padding=\u00a0\u00bb40px|||0px|false|false\u00a0\u00bb global_colors_info=\u00a0\u00bb{}\u00a0\u00bb]<\/p>\n<h4>\u00a0 \u00a0 \u00b6 \u00b7 Propri\u00e9t\u00e9 du site<\/h4>\n<p>\u00a0 \u00a0 \u00a0 \u00a0 \u00a0 \u00a0 \u00a0 \u00a01 &#8211; La propri\u00e9taire du ce site est <span>Sheba Owakukira, Crans-sur-Sierre<\/span><\/p>\n<style>\n.my-column {\n  float: left;\n  width: 50%;\n  padding: 15px;\n}  \n.my-row:after {\n  content: \"\";\n  display: table;\n  clear: both;\n} \n  \n.my-amper{\n\tcolor:black; \n\tfont-size:large; \n\tfont-weight:bold;\n}  \n.my-title-1st-letter{\n\tfont-family=Open-Sans, Arial, sans-serif; \n\tcolor:black; \n\tfont-size:x-large; \n\tfont-weight:bold;\t\t  \n}\n.my-title-txt{\n\tfont-size:initial; \n\tcolor:black; \n\tfont-weight:bold; \n\ttext-transform: uppercase;\n\tline-height:1.5em!important;\t\n}\n.entry-content table:not(.variations) {\n    border: 0px solid #eee!important;\n    margin: 0 0 15px;\n    text-align: justify!important;\n    width: 100%; \n }\n.my-paragraphe{\n\tfont-family=initial; \n\tcolor:#666666; \n\tfont-size:12px; \n\tfont-weight:initial; \n\tline-height:1.5em!important;\t\n\tmargin-left:37px;\n} \nhr {\n\tborder:none; \n\tborder-bottom:1.5px \n\tsolid black;\n}    \n  \n@media screen and (max-width: 600px) {\n  .my-column {\n    width: 100%;\n    }\n.my-paragraphe{\n\tmargin-left:0px;\n\t}  \n}  \n  \n<\/style>\n\n\n<div class=\"my-row\">\n<!-- premiere colonne --><div class=\"my-column\">\n<!-- BLOC DE TEXTE -->\n<span class=\"my-amper\">&para;&nbsp;&nbsp;&#183;&nbsp;&nbsp;<span class=\"my-title-1st-letter\">B<\/span><span class=\"my-title-txt\">ASES JURIDIQUES<\/span>\t\t\t\t\t\t\t\t\t\t\t\t\t\t   \n<hr>\n<!-- Paragraphes de texte -->\n  <p class=\"my-paragraphe\">\n2 \u2013 Remarques juridiques\n<br>Le propri\u00e9taire n\u2019apporte aucune garantie d\u2019exhaustivit\u00e9 et d\u2019exactitude concernant les informations publi\u00e9es sur son site internet. Les donn\u00e9es personnelles seront uniquement utilis\u00e9es pour le traitement de vos demandes ou pour vous fournir des informations sur les prestations de la soci\u00e9t\u00e9. Aucune donn\u00e9e ne sera vendue, lou\u00e9e ou communiqu\u00e9e \u00e0 des tiers. Les informations du serveur seront uniquement exploit\u00e9es \u00e0 des fins statistiques g\u00e9n\u00e9rales. Cela nous permet d\u2019optimiser en permanence la qualit\u00e9 de notre pr\u00e9sence sur Internet. En cas de renvoi \u00e0 des sites ext\u00e9rieurs, nous n\u2019assumons aucune responsabilit\u00e9 pour leurs contenus et leurs pratiques de protection des donn\u00e9es.\n<br>\n<br>3 \u2013 Bases l\u00e9gales\n<br>3.1 Les informations pr\u00e9sentes sur cette page \u201cmentions l\u00e9gales\u201d sont r\u00e9gies et interpr\u00e9t\u00e9es conform\u00e9ment aux lois suisses.\n<br>3.2 La Loi f\u00e9d\u00e9rale sur la protection des donn\u00e9es (LPD) (https:\/\/www.fedlex.admin.ch\/eli\/cc\/2022\/491\/fr) constitue la base de cette d\u00e9claration sur la protection des donn\u00e9es.\n<br>\n<br>4 \u2013 For juridique\n<br>Le for juridique li\u00e9 au contenu du site est celui des tribunaux ordinaires au si\u00e8ge du propri\u00e9taire du site (voir point 1). Le for juridique r\u00e9glant les questions entre le prestataire (NovAgency Co.,Ltd) et le propri\u00e9taire du site est celui des tribunaux ordinaires au si\u00e8ge du prestataire (NovAgency Co.,Lt). \n<br>\n<br>&nbsp;\t\n<\/p>  \n \n  \n \n<!-- BLOC DE TEXTE -->\n<span class=\"my-amper\">&para;&nbsp;&nbsp;&#183;&nbsp;&nbsp;<span class=\"my-title-1st-letter\">C<\/span><span style=\"align-text=left;\" class=\"my-title-txt\">ontact et localisation des serveurs<\/span>\t\t\t\t\t\t\t\t\t\t\t\t\t\t   \n<hr>\n<!-- Paragraphes de texte -->\n  <p class=\"my-paragraphe\">\n5 \u2013 Support graphique et technique du site\n<br>Novagency Co.,Ltd - International web agency, 138\/80 Chaiyaphruked, Moo12, Nong Prue, Banglamung, Chon Buri 20150, T\u00e9l. 027 552 60 11, Courriel : info@novagency.ch\n<br>\n<br>6 \u2013 H\u00e9bergeur\n<br>Infomaniak S.A., 25 Eug\u00e8ne-Marziano, 1227 Les Acacias, http:\/\/www.infomaniak.com\n<br>\n<br>&nbsp;\t\n<\/p>  \n \n \n  \n<!-- BLOC DE TEXTE -->\n<span class=\"my-amper\">&para;&nbsp;&nbsp;&#183;&nbsp;&nbsp;<span class=\"my-title-1st-letter\">P<\/span><span class=\"my-title-txt\">ropri\u00e9t\u00e9 intellectuelle<\/span>\t\t   \n<hr>\n<!-- Paragraphes de texte -->\n  <p class=\"my-paragraphe\">\n7 \u2013 Propri\u00e9t\u00e9 intellectuelle et contrefa\u00e7ons\n<br>Le propri\u00e9taire de ce site est le client (voir point 1). Il d\u00e9tient les droits de propri\u00e9t\u00e9 intellectuelle sur les textes et les images qu'il aura lui-m\u00eame fournis; il d\u00e9tient un droit d\u2019usage sur tous les autres \u00e9l\u00e9ments du site.\nNovAgency Co.,Ltd. est seul propri\u00e9taire des droits de propri\u00e9t\u00e9 intellectuelle sur le design et la structure du site.\nToute reproduction, repr\u00e9sentation, modification, publication, adaptation de tout ou partie des \u00e9l\u00e9ments du site, quel que soit le moyen ou le proc\u00e9d\u00e9 utilis\u00e9, est interdite, sauf autorisation \u00e9crite pr\u00e9alable du propri\u00e9taire de l'\u00e9l\u00e9ment concern\u00e9. Toute exploitation non autoris\u00e9e du site ou d\u2019un quelconque \u00e9l\u00e9ment qu\u2019il contient sera consid\u00e9r\u00e9e comme constitutive d\u2019une contrefa\u00e7on et poursuivie conform\u00e9ment aux dispositions l\u00e9gales.\n<br>&nbsp;\t\n<\/p>  \n\n \n<!-- seconde colonne --><\/div><div class=\"my-column\">\n\n\n<!-- BLOC DE TEXTE -->\n<span class=\"my-amper\">&para;&nbsp;&nbsp;&#183;&nbsp;&nbsp;<span class=\"my-title-1st-letter\">D<\/span><span class=\"my-title-txt\">roits d'auteur<\/span>\t\t\t\t\t\t\t\t\t\t\t\t\t\t   \n<hr>\n<!-- Paragraphes de texte -->\n  <p class=\"my-paragraphe\">\n8 \u2013 Droits d\u2019auteur\n<br>Les \u00e9l\u00e9ments de ce site sont la propri\u00e9t\u00e9 de Novagency Co.,Ltd et de son auteur et rel\u00e8vent de la l\u00e9gislation internationale sur le droit d\u2019auteur, le droit des marques et, de fa\u00e7on g\u00e9n\u00e9rale, sur la propri\u00e9t\u00e9 intellectuelle. Novagency Co.,Ltd ne pourra en aucun cas \u00eatre tenu pour responsable d\u2019un quelconque manquement aux droits \u00e0 l\u2019image ainsi qu\u2019aux droits d\u2019auteur en ce qui concerne les \u00e9l\u00e9ments pr\u00e9sents sur le site. Le propri\u00e9taire du site (voir point 1) est seul responsable de v\u00e9rifier ces droits d'auteur sur son site. Par exception, certains contenus (textes, images) sont la propri\u00e9t\u00e9 de leurs auteurs respectifs. Toute reproduction, en tout ou partie, du contenu de ce site sur quelque support ou par tout proc\u00e9d\u00e9 que ce soit est interdite sans l\u2019autorisation expresse de l\u2019auteur. Le non-respect de cette interdiction constitue une contrefa\u00e7on susceptible d\u2019engager la responsabilit\u00e9 civile et p\u00e9nale du contrefacteur.\n<br>\n<br>&nbsp;\t\n<\/p>  \n\n\n<!-- BLOC DE TEXTE -->\n<span class=\"my-amper\">&para;&nbsp;&nbsp;&#183;&nbsp;&nbsp;<span class=\"my-title-1st-letter\">L<\/span><span class=\"my-title-txt\">iens et responsabilit\u00e9s<\/span>\t\t\t\t\t\t\t\t\t\t\t\t\t\t   \n<hr>\n<!-- Paragraphes de texte -->\n  <p class=\"my-paragraphe\">\n9 \u2013 Liens hypertextes\n<br>Ce site internet contient un certain nombre de liens hypertextes vers d\u2019autres sites. Cependant, ni le propri\u00e9taire ni l\u2019\u00e9diteur de site n\u2019ont pas la possibilit\u00e9 de suivre et v\u00e9rifier le contenu de ces sites. En cons\u00e9quence ils n\u2019assumeront aucune responsabilit\u00e9 de ce fait.\n<br>\n<br>10 \u2013 Exclusion de responsabilit\u00e9\n<br>Le propri\u00e9taire et l\u2019\u00e9diteur se r\u00e9servent le droit de ne pas \u00eatre responsable de l\u2019actualit\u00e9, de l\u2019exactitude, de l\u2019exhaustivit\u00e9, de la fiabilit\u00e9 ou de la qualit\u00e9 des informations fournies. Toute action en responsabilit\u00e9 contre le propri\u00e9taire pour des dommages mat\u00e9riels ou immat\u00e9riels r\u00e9sultant d\u2019informations publi\u00e9es ou de d\u00e9fauts techniques est exclue. Le propri\u00e9taire se r\u00e9serve express\u00e9ment le droit de modifier ou de faire modifier, tout ou partie du site, sans annonce s\u00e9par\u00e9e. Il en va de m\u00eame lorsqu\u2019il souhaite cesser temporairement ou d\u00e9finitivement la publication de son site.<br>\n<br>&nbsp;\t\n<\/p>  \n\n\n<!-- BLOC DE TEXTE -->\n<span class=\"my-amper\">&para;&nbsp;&nbsp;&#183;&nbsp;&nbsp;<span class=\"my-title-1st-letter\">M<\/span><span class=\"my-title-txt\">odifications, remarques et r\u00e9visions<\/span>\t\t\t\t\t\t\t\t\t\t\t\t\t\t   \n<hr>\n<!-- Paragraphes de texte -->\n  <p class=\"my-paragraphe\">\n11. Modifications des pr\u00e9sentes mentions l\u00e9gales\n<br>Des modifications peuvent \u00eatre apport\u00e9es \u00e0 tout moment \u00e0 ces mentions l\u00e9gales et \u00e0  cette d\u00e9claration sur la protection des donn\u00e9es.\n<br>Veuillez consulter r\u00e9guli\u00e8rement cette d\u00e9claration.\n<br>\n<br>12. Remarques\n<br>Bien que d\u00e9finie s\u00e9parement, la <a href=\"\/confidentialite\/\">politique de confidentialit\u00e9<\/a> fait pleinement partie de ces mentions l\u00e9gales.\n<br>\n<br>13. R\u00e9visions (derniers 12 mois)\n<br>01.01.2025 : pr\u00e9cision sur la propri\u00e9t\u00e9 intellectuelle des \u00e9l\u00e9ments du site\n<br>31.01.2025 : pr\u00e9cision sur les diff\u00e9rents for juridiques \n<br>29.03.2026 : s\u00e9paration claire des droits d'auteurs et de la propri\u00e9t\u00e9 intellectuelle \n<br>\n<br>&nbsp;\t\n<\/p>  \n  \n  \n  \n<!-- BLOC DE TEXTE -->\n<span class=\"my-amper\">&para;&nbsp;&nbsp;&#183;&nbsp;&nbsp;<span class=\"my-title-1st-letter\">E<\/span><span class=\"my-title-txt\">dition actuelle<\/span>\t\t\t\t\t\t\t\t\t\t\t\t\t\t   \n<hr>\n<!-- Paragraphes de texte -->\n  <p class=\"my-paragraphe\">\nR\u00e9vision du 29.03.2026<br>\n<br>&nbsp;\t\n  \n  <\/div>\n  \n  <\/div>\n<p>[\/et_pb_text][\/et_pb_column][\/et_pb_row][\/et_pb_section]<\/p>\n","protected":false},"excerpt":{"rendered":"<p>Sheba Mentions l\u00e9gales\u00a0 \u00a0 \u00b6 \u00b7 Propri\u00e9t\u00e9 du site \u00a0 \u00a0 \u00a0 \u00a0 \u00a0 \u00a0 \u00a0 \u00a01 &#8211; La propri\u00e9taire du ce site est Sheba Owakukira, Crans-sur-Sierre <style>\n.my-column {\n  float: left;\n  width: 50%;\n  padding: 15px;\n}  \n.my-row:after {\n  content: \"\";\n  display: table;\n  clear: both;\n} \n  \n.my-amper{\n\tcolor:black; \n\tfont-size:large; \n\tfont-weight:bold;\n}  \n.my-title-1st-letter{\n\tfont-family=Open-Sans, Arial, sans-serif; \n\tcolor:black; \n\tfont-size:x-large; \n\tfont-weight:bold;\t\t  \n}\n.my-title-txt{\n\tfont-size:initial; \n\tcolor:black; \n\tfont-weight:bold; \n\ttext-transform: uppercase;\n\tline-height:1.5em!important;\t\n}\n.entry-content table:not(.variations) {\n    border: 0px solid #eee!important;\n    margin: 0 0 15px;\n    text-align: justify!important;\n    width: 100%; \n }\n.my-paragraphe{\n\tfont-family=initial; \n\tcolor:#666666; \n\tfont-size:12px; \n\tfont-weight:initial; \n\tline-height:1.5em!important;\t\n\tmargin-left:37px;\n} \nhr {\n\tborder:none; \n\tborder-bottom:1.5px \n\tsolid black;\n}    \n  \n@media screen and (max-width: 600px) {\n  .my-column {\n    width: 100%;\n    }\n.my-paragraphe{\n\tmargin-left:0px;\n\t}  \n}  \n  \n<\/style>\n\n\n<div class=\"my-row\">\n<!-- premiere colonne --><div class=\"my-column\">\n<!-- BLOC DE TEXTE -->\n<span class=\"my-amper\">\u00b6 \u00b7&nbsp;&nbsp;<span class=\"my-title-1st-letter\">B<\/span><span class=\"my-title-txt\">ASSI GIURIDICI<\/span>\t\t\t\t\t\t\t\t\t\t\t\t\t\t   \n<hr>\n<!-- Paragraphes de texte -->\n  <p class=\"my-paragraphe\">\n2 \u2013 Osservazioni legali\n<br>Il Titolare non fornisce alcuna garanzia circa la completezza e l&#039;accuratezza delle informazioni pubblicate sul proprio sito web. I dati personali verranno utilizzati esclusivamente per evadere le vostre richieste o per fornirvi informazioni sui servizi dell&#039;azienda. Nessun dato verr\u00e0 venduto, affittato o comunicato a terzi. Le informazioni sul server verranno utilizzate solo per scopi statistici generali. Ci\u00f2 ci consente di ottimizzare continuamente la qualit\u00e0 della nostra presenza su Internet. In caso di collegamento a siti esterni, non ci assumiamo alcuna responsabilit\u00e0 per i loro contenuti e le loro pratiche di protezione dei dati.\n<br>\n<br>3 \u2013 Basi giuridiche\n<br>3.1 Le informazioni contenute in questa pagina \u201cavvisi legali\u201d sono regolate e interpretate in conformit\u00e0 con le leggi svizzere.\n<br>3.2 La legge federale sulla protezione dei dati (LPD) (https:\/\/www.fedlex.admin.ch\/eli\/cc\/2022\/491\/fr) costituisce la base per la presente dichiarazione sulla protezione dei dati.\n<br>\n<br>4 \u2013 Foro giuridico\n<br>Il foro competente per i contenuti del sito \u00e8 quello del tribunale ordinario presso la sede del proprietario del sito (vedere punto 1). Il foro competente per la risoluzione delle controversie tra il fornitore (NovAgency Co.,Ltd) e il proprietario del sito \u00e8 il tribunale ordinario presso la sede centrale del fornitore (NovAgency Co.,Lt). \n<br>\n<br>&nbsp;\t\n<\/p>  \n \n  \n \n<!-- BLOC DE TEXTE -->\n<span class=\"my-amper\">\u00b6 \u00b7&nbsp;&nbsp;<span class=\"my-title-1st-letter\">C<\/span><span style=\"align-text=left;\" class=\"my-title-txt\">contatto e ubicazione dei server<\/span>\t\t\t\t\t\t\t\t\t\t\t\t\t\t   \n<hr>\n<!-- Paragraphes de texte -->\n  <p class=\"my-paragraphe\">\n5 \u2013 Supporto grafico e tecnico del sito\n<br>Novagency Co.,Ltd - Agenzia web internazionale, 138\/80 Chaiyaphruked, Moo12, Nong Prue, Banglamung, Chon Buri 20150, tel. 027 552 60 11, e-mail: info@novagency.ch\n<br>\n<br>6 \u2013 Ospite\n<br>Infomaniak SA, 25 Eug\u00e8ne-Marziano, 1227 Les Acacias, http:\/\/www.infomaniak.com\n<br>\n<br>&nbsp;\t\n<\/p>  \n \n \n  \n<!-- BLOC DE TEXTE -->\n<span class=\"my-amper\">\u00b6 \u00b7&nbsp;&nbsp;<span class=\"my-title-1st-letter\">P<\/span><span class=\"my-title-txt\">propriet\u00e0 intellettuale<\/span>\t\t   \n<hr>\n<!-- Paragraphes de texte -->\n  <p class=\"my-paragraphe\">\n7 \u2013 Propriet\u00e0 intellettuale e contraffazioni\n<br>Il proprietario di questo sito web \u00e8 il cliente (vedi punto 1). Il cliente detiene i diritti di propriet\u00e0 intellettuale sui testi e sulle immagini forniti, nonch\u00e9 il diritto d&#039;uso su tutti gli altri elementi del sito. NovAgency Co., Ltd. \u00e8 l&#039;unica titolare dei diritti di propriet\u00e0 intellettuale relativi al design e alla struttura del sito web. Qualsiasi riproduzione, rappresentazione, modifica, pubblicazione o adattamento, totale o parziale, degli elementi del sito web, indipendentemente dal mezzo o dal procedimento utilizzato, \u00e8 vietata senza la previa autorizzazione scritta del titolare dell&#039;elemento in questione. Qualsiasi utilizzo non autorizzato del sito web o di qualsiasi elemento in esso contenuto sar\u00e0 considerato una violazione e perseguito a norma di legge.\n<br>&nbsp;\t\n<\/p>  \n\n \n<!-- seconde colonne --><\/div><div class=\"my-column\">\n\n\n<!-- BLOC DE TEXTE -->\n<span class=\"my-amper\">\u00b6 \u00b7&nbsp;&nbsp;<span class=\"my-title-1st-letter\">D<\/span><span class=\"my-title-txt\">diritti d&#039;autore<\/span>\t\t\t\t\t\t\t\t\t\t\t\t\t\t   \n<hr>\n<!-- Paragraphes de texte -->\n  <p class=\"my-paragraphe\">\n8 \u2013 Diritto d&#039;autore\n<br>Gli elementi di questo sito sono di propriet\u00e0 di Novagency Co.,Ltd e del suo autore e sono soggetti alla legislazione internazionale sul diritto d&#039;autore, sul diritto dei marchi e, in generale, sulla propriet\u00e0 intellettuale. Novagency Co.,Ltd non pu\u00f2 in nessun caso essere ritenuta responsabile per qualsiasi violazione dei diritti di immagine o di copyright riguardo agli elementi presenti sul sito. Il proprietario del sito (vedi punto 1) \u00e8 l&#039;unico responsabile della verifica di tali diritti d&#039;autore sul suo sito. In via eccezionale, alcuni contenuti (testi, immagini) sono di propriet\u00e0 dei rispettivi autori. Qualsiasi riproduzione, totale o parziale, del contenuto di questo sito su qualsiasi supporto o con qualsiasi procedimento \u00e8 vietata senza l&#039;espressa autorizzazione dell&#039;autore. Il mancato rispetto di tale divieto costituisce una violazione suscettibile di comportare la responsabilit\u00e0 civile e penale del contravventore.\n<br>\n<br>&nbsp;\t\n<\/p>  \n\n\n<!-- BLOC DE TEXTE -->\n<span class=\"my-amper\">\u00b6 \u00b7&nbsp;&nbsp;<span class=\"my-title-1st-letter\">l<\/span><span class=\"my-title-txt\">legami e responsabilit\u00e0<\/span>\t\t\t\t\t\t\t\t\t\t\t\t\t\t   \n<hr>\n<!-- Paragraphes de texte -->\n  <p class=\"my-paragraphe\">\n9 \u2013 Collegamenti ipertestuali\n<br>Questo sito web contiene una serie di collegamenti ipertestuali ad altri siti. Tuttavia, n\u00e9 il proprietario del sito n\u00e9 l&#039;editore hanno la capacit\u00e0 di monitorare e verificare il contenuto di questi siti. Di conseguenza, non si assumeranno alcuna responsabilit\u00e0 per questo fatto.\n<br>\n<br>10 \u2013 Esclusione di responsabilit\u00e0\n<br>Il proprietario e l&#039;editore si riservano il diritto di non essere responsabili della tempestivit\u00e0, correttezza, completezza, affidabilit\u00e0 o qualit\u00e0 delle informazioni fornite. \u00c8 esclusa qualsiasi richiesta di responsabilit\u00e0 nei confronti del proprietario per danni materiali o immateriali derivanti dalle informazioni pubblicate o da difetti tecnici. Il titolare si riserva espressamente il diritto di modificare o far modificare, tutto o parte del sito, senza preavviso separato. Lo stesso vale quando desidera cessare temporaneamente o definitivamente la pubblicazione del suo sito.<br>\n<br>&nbsp;\t\n<\/p>  \n\n\n<!-- BLOC DE TEXTE -->\n<span class=\"my-amper\">\u00b6 \u00b7&nbsp;&nbsp;<span class=\"my-title-1st-letter\">M<\/span><span class=\"my-title-txt\">Modifiche, osservazioni e revisioni<\/span>\t\t\t\t\t\t\t\t\t\t\t\t\t\t   \n<hr>\n<!-- Paragraphes de texte -->\n  <p class=\"my-paragraphe\">\n11. Modifiche alle presenti note legali\n<br>\u00c8 possibile apportare modifiche alla presente nota legale e alla presente dichiarazione sulla protezione dei dati in qualsiasi momento.\n<br>Si prega di rivedere regolarmente questa dichiarazione.\n<br>\n<br>12. Osservazioni\n<br>Sebbene definito separatamente, il <a href=\"\/it\/confidentialite\/\">politica sulla riservatezza<\/a> \u00e8 parte integrante di queste note legali.\n<br>\n<br>13. Revisioni (ultimi 12 mesi)\n<br>01.01.2025: chiarimenti sulla propriet\u00e0 intellettuale degli elementi del sito\n<br>31\/01\/2025: chiarimenti sui diversi fori giuridici \n<br>29 marzo 2026: netta separazione tra diritto d&#039;autore e propriet\u00e0 intellettuale. \n<br>\n<br>&nbsp;\t\n<\/p>  \n  \n  \n  \n<!-- BLOC DE TEXTE -->\n<span class=\"my-amper\">\u00b6 \u00b7&nbsp;&nbsp;<span class=\"my-title-1st-letter\">E<\/span><span class=\"my-title-txt\">edizione attuale<\/span>\t\t\t\t\t\t\t\t\t\t\t\t\t\t   \n<hr>\n<!-- Paragraphes de texte -->\n  <p class=\"my-paragraphe\">\nRevisione del 29.03.2026<br>\n<br>&nbsp;\t\n  \n  <\/div>\n  \n  <\/div><\/p>","protected":false},"author":1,"featured_media":0,"parent":0,"menu_order":99,"comment_status":"closed","ping_status":"closed","template":"","meta":{"_et_pb_use_builder":"on","_et_pb_old_content":"<!-- wp:paragraph -->\n<p>This is an example page. It's different from a blog post because it will stay in one place and will show up in your site navigation (in most themes). Most people start with an About page that introduces them to potential site visitors. It might say something like this:<\/p>\n<!-- \/wp:paragraph -->\n\n<!-- wp:quote -->\n<blockquote class=\"wp-block-quote\"><p>Hi there! I'm a bike messenger by day, aspiring actor by night, and this is my website. I live in Los Angeles, have a great dog named Jack, and I like pi&#241;a coladas. (And gettin' caught in the rain.)<\/p><\/blockquote>\n<!-- \/wp:quote -->\n\n<!-- wp:paragraph -->\n<p>...or something like this:<\/p>\n<!-- \/wp:paragraph -->\n\n<!-- wp:quote -->\n<blockquote class=\"wp-block-quote\"><p>The XYZ Doohickey Company was founded in 1971, and has been providing quality doohickeys to the public ever since. Located in Gotham City, XYZ employs over 2,000 people and does all kinds of awesome things for the Gotham community.<\/p><\/blockquote>\n<!-- \/wp:quote -->\n\n<!-- wp:paragraph -->\n<p>As a new WordPress user, you should go to <a href=\"http:\/\/art-n-sheba.ch\/wp-admin\/\">your dashboard<\/a> to delete this page and create new pages for your content. Have fun!<\/p>\n<!-- \/wp:paragraph -->","_et_gb_content_width":"","footnotes":""},"class_list":["post-2","page","type-page","status-publish","hentry"],"_links":{"self":[{"href":"https:\/\/art-n-sheba.ch\/it\/wp-json\/wp\/v2\/pages\/2","targetHints":{"allow":["GET"]}}],"collection":[{"href":"https:\/\/art-n-sheba.ch\/it\/wp-json\/wp\/v2\/pages"}],"about":[{"href":"https:\/\/art-n-sheba.ch\/it\/wp-json\/wp\/v2\/types\/page"}],"author":[{"embeddable":true,"href":"https:\/\/art-n-sheba.ch\/it\/wp-json\/wp\/v2\/users\/1"}],"replies":[{"embeddable":true,"href":"https:\/\/art-n-sheba.ch\/it\/wp-json\/wp\/v2\/comments?post=2"}],"version-history":[{"count":4,"href":"https:\/\/art-n-sheba.ch\/it\/wp-json\/wp\/v2\/pages\/2\/revisions"}],"predecessor-version":[{"id":271,"href":"https:\/\/art-n-sheba.ch\/it\/wp-json\/wp\/v2\/pages\/2\/revisions\/271"}],"wp:attachment":[{"href":"https:\/\/art-n-sheba.ch\/it\/wp-json\/wp\/v2\/media?parent=2"}],"curies":[{"name":"parola chiave","href":"https:\/\/api.w.org\/{rel}","templated":true}]}}