{"id":161,"date":"2024-01-27T10:18:48","date_gmt":"2024-01-27T09:18:48","guid":{"rendered":"https:\/\/art-n-sheba.ch\/?post_type=product&#038;p=161"},"modified":"2024-07-27T17:17:30","modified_gmt":"2024-07-27T15:17:30","slug":"paire-de-fauteils-de-1974-de-karin-mobring","status":"publish","type":"product","link":"https:\/\/art-n-sheba.ch\/en\/product\/paire-de-fauteils-de-1974-de-karin-mobring\/","title":{"rendered":"Pair of armchairs from 1974 by Karin Mobring"},"content":{"rendered":"<div>Rare pair of armchairs from 1974, designed by Karin Mobring for the IKEA edition. Made of solid pine and upholstered in tan saddle leather, these armchairs are distinguished by their elegance and durability. The clean lines and choice of materials perfectly reflect the Scandinavian aesthetic of the period. Highly sought after, this leather pair is a real find for collectors and lovers of vintage design. A refined and timeless addition to any decor.<\/div>\n<div><\/div>","protected":false},"excerpt":{"rendered":"<p>Rare paire de fauteuils de 1974, con\u00e7ue par Karin Mobring pour l&rsquo;\u00e9dition IKEA. Fabriqu\u00e9s en pin massif et habill\u00e9s de cuir sellier havane, ces fauteuils se distinguent par leur \u00e9l\u00e9gance et leur durabilit\u00e9. Les lignes \u00e9pur\u00e9es et le choix des mat\u00e9riaux refl\u00e8tent parfaitement l&rsquo;esth\u00e9tique scandinave de l&rsquo;\u00e9poque. Tr\u00e8s recherch\u00e9e, cette paire en cuir est une [&hellip;]<\/p>\n","protected":false},"featured_media":149,"template":"","meta":{"_et_pb_use_builder":"","_et_pb_old_content":"","_et_gb_content_width":""},"product_brand":[],"product_cat":[27],"product_tag":[],"class_list":{"0":"post-161","1":"product","2":"type-product","3":"status-publish","4":"has-post-thumbnail","6":"product_cat-mobilier","8":"first","9":"instock","10":"shipping-taxable","11":"purchasable","12":"product-type-simple"},"_links":{"self":[{"href":"https:\/\/art-n-sheba.ch\/en\/wp-json\/wp\/v2\/product\/161","targetHints":{"allow":["GET"]}}],"collection":[{"href":"https:\/\/art-n-sheba.ch\/en\/wp-json\/wp\/v2\/product"}],"about":[{"href":"https:\/\/art-n-sheba.ch\/en\/wp-json\/wp\/v2\/types\/product"}],"wp:featuredmedia":[{"embeddable":true,"href":"https:\/\/art-n-sheba.ch\/en\/wp-json\/wp\/v2\/media\/149"}],"wp:attachment":[{"href":"https:\/\/art-n-sheba.ch\/en\/wp-json\/wp\/v2\/media?parent=161"}],"wp:term":[{"taxonomy":"product_brand","embeddable":true,"href":"https:\/\/art-n-sheba.ch\/en\/wp-json\/wp\/v2\/product_brand?post=161"},{"taxonomy":"product_cat","embeddable":true,"href":"https:\/\/art-n-sheba.ch\/en\/wp-json\/wp\/v2\/product_cat?post=161"},{"taxonomy":"product_tag","embeddable":true,"href":"https:\/\/art-n-sheba.ch\/en\/wp-json\/wp\/v2\/product_tag?post=161"}],"curies":[{"name":"wp","href":"https:\/\/api.w.org\/{rel}","templated":true}]}}