{"id":129,"date":"2024-05-02T13:30:17","date_gmt":"2024-05-02T11:30:17","guid":{"rendered":"https:\/\/art-n-sheba.ch\/?post_type=product&#038;p=129"},"modified":"2024-07-27T17:16:43","modified_gmt":"2024-07-27T15:16:43","slug":"oeuvre-4","status":"publish","type":"product","link":"https:\/\/art-n-sheba.ch\/en\/product\/oeuvre-4\/","title":{"rendered":"Pair of Coconut armchairs from the 1970s"},"content":{"rendered":"<div>A pair of 1970s Coconut armchairs, made from fibreglass and fully re-woven with sumptuous Missoni fabric. Measuring 150cm high with a 45cm back, 70cm wide and 80cm deep, these armchairs combine bold, iconic design with the elegance of Missoni patterns, making them unique and captivating pieces. Not only are these armchairs exceptional examples of 70s innovation, they also add a touch of sophistication and modernity to any decor.<\/div>\n<div><\/div>","protected":false},"excerpt":{"rendered":"<p>Paire de fauteuils Coconut des ann\u00e9es 1970, fabriqu\u00e9s en fibre de verre et enti\u00e8rement retiss\u00e9s avec un somptueux tissu Missoni. Mesurant 150 cm de haut avec un dossier de 45 cm, une largeur de 70 cm et une profondeur de 80 cm, ces fauteuils allient design embl\u00e9matique et audacieux \u00e0 l&rsquo;\u00e9l\u00e9gance des motifs Missoni, en [&hellip;]<\/p>\n","protected":false},"featured_media":150,"template":"","meta":{"_et_pb_use_builder":"","_et_pb_old_content":"","_et_gb_content_width":""},"product_brand":[],"product_cat":[27],"product_tag":[],"class_list":{"0":"post-129","1":"product","2":"type-product","3":"status-publish","4":"has-post-thumbnail","6":"product_cat-mobilier","8":"first","9":"instock","10":"featured","11":"shipping-taxable","12":"purchasable","13":"product-type-simple"},"_links":{"self":[{"href":"https:\/\/art-n-sheba.ch\/en\/wp-json\/wp\/v2\/product\/129","targetHints":{"allow":["GET"]}}],"collection":[{"href":"https:\/\/art-n-sheba.ch\/en\/wp-json\/wp\/v2\/product"}],"about":[{"href":"https:\/\/art-n-sheba.ch\/en\/wp-json\/wp\/v2\/types\/product"}],"wp:featuredmedia":[{"embeddable":true,"href":"https:\/\/art-n-sheba.ch\/en\/wp-json\/wp\/v2\/media\/150"}],"wp:attachment":[{"href":"https:\/\/art-n-sheba.ch\/en\/wp-json\/wp\/v2\/media?parent=129"}],"wp:term":[{"taxonomy":"product_brand","embeddable":true,"href":"https:\/\/art-n-sheba.ch\/en\/wp-json\/wp\/v2\/product_brand?post=129"},{"taxonomy":"product_cat","embeddable":true,"href":"https:\/\/art-n-sheba.ch\/en\/wp-json\/wp\/v2\/product_cat?post=129"},{"taxonomy":"product_tag","embeddable":true,"href":"https:\/\/art-n-sheba.ch\/en\/wp-json\/wp\/v2\/product_tag?post=129"}],"curies":[{"name":"wp","href":"https:\/\/api.w.org\/{rel}","templated":true}]}}