{"id":283,"date":"2024-07-27T16:29:07","date_gmt":"2024-07-27T14:29:07","guid":{"rendered":"https:\/\/art-n-sheba.ch\/?page_id=283"},"modified":"2024-07-27T16:29:07","modified_gmt":"2024-07-27T14:29:07","slug":"cgv","status":"publish","type":"page","link":"https:\/\/art-n-sheba.ch\/en\/cgv\/","title":{"rendered":"general terms and conditions"},"content":{"rendered":"<p>[et_pb_section fb_built=\u00a0\u00bb1&Prime; _builder_version=\u00a0\u00bb4.25.0&Prime; _module_preset=\u00a0\u00bbdefault\u00a0\u00bb background_color=\u00a0\u00bb#000000&Prime; custom_margin=\u00a0\u00bb0px||0px||true|false\u00a0\u00bb custom_padding=\u00a0\u00bb0px||0px||true|false\u00a0\u00bb global_colors_info=\u00a0\u00bb{}\u00a0\u00bb][et_pb_row _builder_version=\u00a0\u00bb4.27.0&Prime; _module_preset=\u00a0\u00bbdefault\u00a0\u00bb width=\u00a0\u00bb89%\u00a0\u00bb max_width=\u00a0\u00bb2560px\u00a0\u00bb global_colors_info=\u00a0\u00bb{}\u00a0\u00bb][et_pb_column type=\u00a0\u00bb4_4&Prime; _builder_version=\u00a0\u00bb4.25.0&Prime; _module_preset=\u00a0\u00bbdefault\u00a0\u00bb global_colors_info=\u00a0\u00bb{}\u00a0\u00bb][et_pb_text _builder_version=\u00a0\u00bb4.27.0&Prime; _module_preset=\u00a0\u00bbdefault\u00a0\u00bb text_text_color=\u00a0\u00bb#FFFFFF\u00a0\u00bb header_font=\u00a0\u00bbMontserrat|600|||||||\u00a0\u00bb header_text_color=\u00a0\u00bb#FFFFFF\u00a0\u00bb header_font_size=\u00a0\u00bb6vw\u00a0\u00bb header_2_font=\u00a0\u00bb|||on|||||\u00a0\u00bb header_2_text_color=\u00a0\u00bb#FFFFFF\u00a0\u00bb header_2_font_size=\u00a0\u00bb2vw\u00a0\u00bb custom_margin=\u00a0\u00bb50px||0px||false|false\u00a0\u00bb custom_padding=\u00a0\u00bb0px||0px||false|false\u00a0\u00bb hover_enabled=\u00a0\u00bb0&Prime; header_font_size_tablet=\u00a0\u00bb13vw\u00a0\u00bb header_font_size_phone=\u00a0\u00bb13vw\u00a0\u00bb header_font_size_last_edited=\u00a0\u00bbon|tablet\u00a0\u00bb header_2_font_size_tablet=\u00a0\u00bb6vw\u00a0\u00bb header_2_font_size_phone=\u00a0\u00bb6vw\u00a0\u00bb header_2_font_size_last_edited=\u00a0\u00bbon|phone\u00a0\u00bb global_colors_info=\u00a0\u00bb{}\u00a0\u00bb sticky_enabled=\u00a0\u00bb0&Prime;]<\/p>\n<h1>Sheba<\/h1>\n<h2>Conditions g\u00e9n\u00e9rales de ventes<\/h2>\n<p>[\/et_pb_text][\/et_pb_column][\/et_pb_row][et_pb_row use_custom_gutter=\u00a0\u00bbon\u00a0\u00bb gutter_width=\u00a0\u00bb1&Prime; custom_padding_last_edited=\u00a0\u00bbon|phone\u00a0\u00bb _builder_version=\u00a0\u00bb4.27.0&Prime; _module_preset=\u00a0\u00bbdefault\u00a0\u00bb background_color=\u00a0\u00bb#000000&Prime; width=\u00a0\u00bb89%\u00a0\u00bb max_width=\u00a0\u00bb2560px\u00a0\u00bb custom_margin=\u00a0\u00bb0px||0px||false|false\u00a0\u00bb custom_padding=\u00a0\u00bb0px|70px|40px|70px|false|true\u00a0\u00bb custom_padding_tablet=\u00a0\u00bb|20px||20px|false|true\u00a0\u00bb custom_padding_phone=\u00a0\u00bb|10px||10px|false|true\u00a0\u00bb hover_enabled=\u00a0\u00bb0&Prime; global_colors_info=\u00a0\u00bb{}\u00a0\u00bb sticky_enabled=\u00a0\u00bb0&Prime;][et_pb_column type=\u00a0\u00bb4_4&Prime; _builder_version=\u00a0\u00bb4.25.0&Prime; _module_preset=\u00a0\u00bbdefault\u00a0\u00bb global_colors_info=\u00a0\u00bb{}\u00a0\u00bb][et_pb_text _builder_version=\u00a0\u00bb4.27.0&Prime; _module_preset=\u00a0\u00bbdefault\u00a0\u00bb text_font=\u00a0\u00bb|300|||||||\u00a0\u00bb text_text_color=\u00a0\u00bb#ffffff\u00a0\u00bb text_font_size=\u00a0\u00bb16px\u00a0\u00bb text_line_height=\u00a0\u00bb1.5em\u00a0\u00bb link_font=\u00a0\u00bb|800|||on||||\u00a0\u00bb link_text_color=\u00a0\u00bb#000000&Prime; header_font=\u00a0\u00bbMontserrat|700|||||||\u00a0\u00bb header_text_color=\u00a0\u00bb#FFFFFF\u00a0\u00bb header_font_size=\u00a0\u00bb3vw\u00a0\u00bb header_2_font=\u00a0\u00bbMontserrat|500|||||||\u00a0\u00bb header_2_text_color=\u00a0\u00bb#FFFFFF\u00a0\u00bb header_2_font_size=\u00a0\u00bb45px\u00a0\u00bb z_index=\u00a0\u00bb120&Prime; custom_margin=\u00a0\u00bb||||false|false\u00a0\u00bb hover_enabled=\u00a0\u00bb0&Prime; global_colors_info=\u00a0\u00bb{}\u00a0\u00bb sticky_enabled=\u00a0\u00bb0&Prime;]<\/p>\n<p>1. Pr\u00e9ambule<br \/>Les pr\u00e9sentes Conditions G\u00e9n\u00e9rales de Vente (ci-apr\u00e8s d\u00e9nomm\u00e9es \u00ab\u00a0CGV\u00a0\u00bb) r\u00e9gissent l&rsquo;ensemble des transactions effectu\u00e9es sur le site internet https:\/\/art-n-sheba.ch\/ ci-apr\u00e8s d\u00e9nomm\u00e9 le \u00ab\u00a0Site\u00a0\u00bb). En passant commande sur le Site, le client (ci-apr\u00e8s d\u00e9nomm\u00e9 \u00ab\u00a0Client\u00a0\u00bb) accepte sans r\u00e9serve les CGV.<\/p>\n<p>2. Identification de l&rsquo;entreprise<br \/>Art-n-Sheba Adresse : Route des Tsintres 5, 3963 Crans-Montana Email : shebabrun@gmail.com T\u00e9l\u00e9phone : +33 76 710 09 89<\/p>\n<p>3. Objet<br \/>Les pr\u00e9sentes CGV ont pour objet de d\u00e9finir les droits et obligations des parties dans le cadre de la vente en ligne d&rsquo;objets d&rsquo;art propos\u00e9s par Art-n-Sheba sur le Site.<\/p>\n<p>4. Produits<br \/>Les produits propos\u00e9s \u00e0 la vente sont ceux figurant sur le Site au jour de la consultation du Site par le Client. Chaque produit est accompagn\u00e9 d\u2019un descriptif \u00e9tabli par Art-n-Sheba. Les photographies des produits sont les plus fid\u00e8les possibles mais ne peuvent assurer une similitude parfaite avec le produit offert, notamment en ce qui concerne les couleurs. Pour garantir une satisfaction optimale, nous invitons les clients \u00e0 venir voir les produits en personne.<\/p>\n<p>5. Prix<br \/>Les prix des produits sont indiqu\u00e9s en CHF, toutes taxes comprises (TTC), hors frais de livraison. Art-n-Sheba se r\u00e9serve le droit de modifier ses prix \u00e0 tout moment mais les produits seront factur\u00e9s sur la base des tarifs en vigueur au moment de la validation de la commande par le Client.<\/p>\n<p>6. Commande<br \/>Le Client peut passer commande sur le Site. Toute commande vaut acceptation des prix et descriptions des produits disponibles \u00e0 la vente. La confirmation de la commande entra\u00eene acceptation des pr\u00e9sentes CGV. Un email de confirmation de commande sera envoy\u00e9 au Client.<\/p>\n<p>7. Paiement<br \/>Le paiement s\u2019effectue en ligne par carte bancaire (Visa, Mastercard, American Express) ou via des solutions de paiement s\u00e9curis\u00e9 comme PayPal. La commande sera consid\u00e9r\u00e9e comme effective apr\u00e8s confirmation de l&rsquo;accord des centres de paiement bancaire.<\/p>\n<p>8. Livraison<br \/>Les produits sont livr\u00e9s \u00e0 l&rsquo;adresse de livraison indiqu\u00e9e par le Client lors de la commande. Les d\u00e9lais de livraison sont indicatifs et non garantis. Les frais de livraison sont \u00e0 la charge du Client et sont indiqu\u00e9s lors de la validation de la commande.<\/p>\n<p>9. Droit de r\u00e9tractation<br \/>Conform\u00e9ment \u00e0 la l\u00e9gislation en vigueur, le Client ne b\u00e9n\u00e9ficie pas de droit de r\u00e9tractation pour les produits achet\u00e9s sur notre Site. Cependant, afin de garantir la satisfaction de nos clients, nous encourageons vivement ces derniers \u00e0 venir voir les produits en personne avant de finaliser leur achat. Cette option permet au Client de v\u00e9rifier la qualit\u00e9 et la conformit\u00e9 des produits. Pour organiser une visite, veuillez nous contacter \u00e0 l&rsquo;avance afin de convenir d&rsquo;un rendez-vous.<\/p>\n<p>10. Garantie et Conformit\u00e9<br \/>Art-n-Sheba s\u2019engage \u00e0 fournir des produits conformes aux r\u00e9glementations en vigueur et exempts de d\u00e9fauts. En cas de produit non conforme ou d\u00e9fectueux, le Client doit contacter Art-n-Sheba dans les plus brefs d\u00e9lais pour convenir d&rsquo;un \u00e9change ou d&rsquo;un remboursement.<\/p>\n<p>11. Protection des donn\u00e9es personnelles<br \/>Les informations recueillies par Art-n-Sheba lors d\u2019une commande du Client sont n\u00e9cessaires \u00e0 la gestion de la transaction et pourront \u00eatre communiqu\u00e9es en tout ou partie aux prestataires de Art-n-Sheba intervenant dans le cadre de l\u2019ex\u00e9cution de la commande. Le Client dispose d&rsquo;un droit d&rsquo;acc\u00e8s, de rectification et de suppression des donn\u00e9es le concernant, conform\u00e9ment \u00e0 la loi Informatique et Libert\u00e9s.<\/p>\n<p>12. Propri\u00e9t\u00e9 intellectuelle<br \/>Tous les \u00e9l\u00e9ments du Site, qu&rsquo;ils soient visuels ou sonores, y compris la technologie sous-jacente, sont prot\u00e9g\u00e9s par le droit d&rsquo;auteur, des marques ou des brevets. Ils sont la propri\u00e9t\u00e9 exclusive de Art-n-Sheba.<\/p>\n<p>13. Litiges<br \/>Les pr\u00e9sentes CGV sont soumises \u00e0 la loi suisse . En cas de litige, une solution amiable sera recherch\u00e9e avant toute action judiciaire. \u00c0 d\u00e9faut de solution amiable, les tribunaux suisse seront seuls comp\u00e9tents.<\/p>\n<p>14. Modification des CGV<br \/>Art-n-Sheba se r\u00e9serve le droit de modifier les pr\u00e9sentes CGV \u00e0 tout moment. Les nouvelles conditions seront applicables \u00e0 toute nouvelle commande ou visite sur le Site.<\/p>\n<p>15. Contact<br \/>Pour toute question ou r\u00e9clamation, le Client peut contacter Art-n-Sheba aux coordonn\u00e9es suivantes : Email : shebabrun@gmail.com T\u00e9l\u00e9phone : +41 76 710 09 89<\/p>\n<p>En validant sa commande, le Client d\u00e9clare avoir pris connaissance et accepter sans r\u00e9serve les pr\u00e9sentes Conditions G\u00e9n\u00e9rales\u00a0de\u00a0Vente.<\/p>\n<p>[\/et_pb_text][\/et_pb_column][\/et_pb_row][\/et_pb_section]<\/p>\n","protected":false},"excerpt":{"rendered":"<p>Sheba Conditions g\u00e9n\u00e9rales de ventes1. Pr\u00e9ambuleLes pr\u00e9sentes Conditions G\u00e9n\u00e9rales de Vente (ci-apr\u00e8s d\u00e9nomm\u00e9es \u00ab\u00a0CGV\u00a0\u00bb) r\u00e9gissent l&rsquo;ensemble des transactions effectu\u00e9es sur le site internet https:\/\/art-n-sheba.ch\/ ci-apr\u00e8s d\u00e9nomm\u00e9 le \u00ab\u00a0Site\u00a0\u00bb). En passant commande sur le Site, le client (ci-apr\u00e8s d\u00e9nomm\u00e9 \u00ab\u00a0Client\u00a0\u00bb) accepte sans r\u00e9serve les CGV. 2. Identification de l&rsquo;entrepriseArt-n-Sheba Adresse : Route des Tsintres 5, 3963 [&hellip;]<\/p>\n","protected":false},"author":1,"featured_media":0,"parent":0,"menu_order":98,"comment_status":"closed","ping_status":"closed","template":"","meta":{"_et_pb_use_builder":"on","_et_pb_old_content":"<!-- wp:heading -->\n<h2 class=\"wp-block-heading\">Who we are<\/h2>\n<!-- \/wp:heading -->\n<!-- wp:paragraph -->\n<p><strong class=\"privacy-policy-tutorial\">Suggested text: <\/strong>Our website address is: http:\/\/art-n-sheba.ch.<\/p>\n<!-- \/wp:paragraph -->\n<!-- wp:heading -->\n<h2 class=\"wp-block-heading\">Comments<\/h2>\n<!-- \/wp:heading -->\n<!-- wp:paragraph -->\n<p><strong class=\"privacy-policy-tutorial\">Suggested text: <\/strong>When visitors leave comments on the site we collect the data shown in the comments form, and also the visitor&#8217;s IP address and browser user agent string to help spam detection.<\/p>\n<!-- \/wp:paragraph -->\n<!-- wp:paragraph -->\n<p>An anonymized string created from your email address (also called a hash) may be provided to the Gravatar service to see if you are using it. The Gravatar service privacy policy is available here: https:\/\/automattic.com\/privacy\/. After approval of your comment, your profile picture is visible to the public in the context of your comment.<\/p>\n<!-- \/wp:paragraph -->\n<!-- wp:heading -->\n<h2 class=\"wp-block-heading\">Media<\/h2>\n<!-- \/wp:heading -->\n<!-- wp:paragraph -->\n<p><strong class=\"privacy-policy-tutorial\">Suggested text: <\/strong>If you upload images to the website, you should avoid uploading images with embedded location data (EXIF GPS) included. Visitors to the website can download and extract any location data from images on the website.<\/p>\n<!-- \/wp:paragraph -->\n<!-- wp:heading -->\n<h2 class=\"wp-block-heading\">Cookies<\/h2>\n<!-- \/wp:heading -->\n<!-- wp:paragraph -->\n<p><strong class=\"privacy-policy-tutorial\">Suggested text: <\/strong>If you leave a comment on our site you may opt-in to saving your name, email address and website in cookies. These are for your convenience so that you do not have to fill in your details again when you leave another comment. These cookies will last for one year.<\/p>\n<!-- \/wp:paragraph -->\n<!-- wp:paragraph -->\n<p>If you visit our login page, we will set a temporary cookie to determine if your browser accepts cookies. This cookie contains no personal data and is discarded when you close your browser.<\/p>\n<!-- \/wp:paragraph -->\n<!-- wp:paragraph -->\n<p>When you log in, we will also set up several cookies to save your login information and your screen display choices. Login cookies last for two days, and screen options cookies last for a year. If you select &quot;Remember Me&quot;, your login will persist for two weeks. If you log out of your account, the login cookies will be removed.<\/p>\n<!-- \/wp:paragraph -->\n<!-- wp:paragraph -->\n<p>If you edit or publish an article, an additional cookie will be saved in your browser. This cookie includes no personal data and simply indicates the post ID of the article you just edited. It expires after 1 day.<\/p>\n<!-- \/wp:paragraph -->\n<!-- wp:heading -->\n<h2 class=\"wp-block-heading\">Embedded content from other websites<\/h2>\n<!-- \/wp:heading -->\n<!-- wp:paragraph -->\n<p><strong class=\"privacy-policy-tutorial\">Suggested text: <\/strong>Articles on this site may include embedded content (e.g. videos, images, articles, etc.). Embedded content from other websites behaves in the exact same way as if the visitor has visited the other website.<\/p>\n<!-- \/wp:paragraph -->\n<!-- wp:paragraph -->\n<p>These websites may collect data about you, use cookies, embed additional third-party tracking, and monitor your interaction with that embedded content, including tracking your interaction with the embedded content if you have an account and are logged in to that website.<\/p>\n<!-- \/wp:paragraph -->\n<!-- wp:heading -->\n<h2 class=\"wp-block-heading\">Who we share your data with<\/h2>\n<!-- \/wp:heading -->\n<!-- wp:paragraph -->\n<p><strong class=\"privacy-policy-tutorial\">Suggested text: <\/strong>If you request a password reset, your IP address will be included in the reset email.<\/p>\n<!-- \/wp:paragraph -->\n<!-- wp:heading -->\n<h2 class=\"wp-block-heading\">How long we retain your data<\/h2>\n<!-- \/wp:heading -->\n<!-- wp:paragraph -->\n<p><strong class=\"privacy-policy-tutorial\">Suggested text: <\/strong>If you leave a comment, the comment and its metadata are retained indefinitely. This is so we can recognize and approve any follow-up comments automatically instead of holding them in a moderation queue.<\/p>\n<!-- \/wp:paragraph -->\n<!-- wp:paragraph -->\n<p>For users that register on our website (if any), we also store the personal information they provide in their user profile. All users can see, edit, or delete their personal information at any time (except they cannot change their username). Website administrators can also see and edit that information.<\/p>\n<!-- \/wp:paragraph -->\n<!-- wp:heading -->\n<h2 class=\"wp-block-heading\">What rights you have over your data<\/h2>\n<!-- \/wp:heading -->\n<!-- wp:paragraph -->\n<p><strong class=\"privacy-policy-tutorial\">Suggested text: <\/strong>If you have an account on this site, or have left comments, you can request to receive an exported file of the personal data we hold about you, including any data you have provided to us. You can also request that we erase any personal data we hold about you. This does not include any data we are obliged to keep for administrative, legal, or security purposes.<\/p>\n<!-- \/wp:paragraph -->\n<!-- wp:heading -->\n<h2 class=\"wp-block-heading\">Where your data is sent<\/h2>\n<!-- \/wp:heading -->\n<!-- wp:paragraph -->\n<p><strong class=\"privacy-policy-tutorial\">Suggested text: <\/strong>Visitor comments may be checked through an automated spam detection service.<\/p>\n<!-- \/wp:paragraph -->\n","_et_gb_content_width":"","footnotes":""},"class_list":["post-283","page","type-page","status-publish","hentry"],"_links":{"self":[{"href":"https:\/\/art-n-sheba.ch\/en\/wp-json\/wp\/v2\/pages\/283","targetHints":{"allow":["GET"]}}],"collection":[{"href":"https:\/\/art-n-sheba.ch\/en\/wp-json\/wp\/v2\/pages"}],"about":[{"href":"https:\/\/art-n-sheba.ch\/en\/wp-json\/wp\/v2\/types\/page"}],"author":[{"embeddable":true,"href":"https:\/\/art-n-sheba.ch\/en\/wp-json\/wp\/v2\/users\/1"}],"replies":[{"embeddable":true,"href":"https:\/\/art-n-sheba.ch\/en\/wp-json\/wp\/v2\/comments?post=283"}],"version-history":[{"count":2,"href":"https:\/\/art-n-sheba.ch\/en\/wp-json\/wp\/v2\/pages\/283\/revisions"}],"predecessor-version":[{"id":288,"href":"https:\/\/art-n-sheba.ch\/en\/wp-json\/wp\/v2\/pages\/283\/revisions\/288"}],"wp:attachment":[{"href":"https:\/\/art-n-sheba.ch\/en\/wp-json\/wp\/v2\/media?parent=283"}],"curies":[{"name":"wp","href":"https:\/\/api.w.org\/{rel}","templated":true}]}}