{"id":315,"date":"2024-07-27T17:38:48","date_gmt":"2024-07-27T15:38:48","guid":{"rendered":"https:\/\/art-n-sheba.ch\/?post_type=product&#038;p=315"},"modified":"2024-07-27T17:38:48","modified_gmt":"2024-07-27T15:38:48","slug":"paire-de-tabourets","status":"publish","type":"product","link":"https:\/\/art-n-sheba.ch\/de\/produkt\/paire-de-tabourets\/","title":{"rendered":"Paar Hocker"},"content":{"rendered":"<div>Entdecken Sie dieses hervorragende Paar Barhocker aus massiver Eiche aus Haute-Savoie aus den 1960er Jahren. Jeder Hocker mit einem Durchmesser von 50 cm und einer H\u00f6he von 120 cm erinnert an den Geist des ber\u00fchmten Designers Pierre Chapo. Diese St\u00fccke bieten eine perfekte Kombination aus Robustheit und Eleganz und sind ideal, um Ihrem Innenraum einen Hauch von rustikalem, authentischem Charme zu verleihen.<\/div>\n<div><\/div>","protected":false},"excerpt":{"rendered":"<p>D\u00e9couvrez cette superbe paire de tabourets de bar en ch\u00eane massif, originaires de Haute-Savoie, et datant des ann\u00e9es 1960. Chaque tabouret, d&rsquo;un diam\u00e8tre de 50 cm et d&rsquo;une hauteur de 120 cm, \u00e9voque l&rsquo;esprit du c\u00e9l\u00e8bre designer Pierre Chapo. Ces pi\u00e8ces offrent une combinaison parfaite de robustesse et d&rsquo;\u00e9l\u00e9gance, id\u00e9ale pour ajouter une touche de [&hellip;]<\/p>\n","protected":false},"featured_media":303,"template":"","meta":{"_et_pb_use_builder":"","_et_pb_old_content":"","_et_gb_content_width":""},"product_brand":[],"product_cat":[27],"product_tag":[],"class_list":{"0":"post-315","1":"product","2":"type-product","3":"status-publish","4":"has-post-thumbnail","6":"product_cat-mobilier","8":"first","9":"instock","10":"shipping-taxable","11":"purchasable","12":"product-type-simple"},"_links":{"self":[{"href":"https:\/\/art-n-sheba.ch\/de\/wp-json\/wp\/v2\/product\/315","targetHints":{"allow":["GET"]}}],"collection":[{"href":"https:\/\/art-n-sheba.ch\/de\/wp-json\/wp\/v2\/product"}],"about":[{"href":"https:\/\/art-n-sheba.ch\/de\/wp-json\/wp\/v2\/types\/product"}],"wp:featuredmedia":[{"embeddable":true,"href":"https:\/\/art-n-sheba.ch\/de\/wp-json\/wp\/v2\/media\/303"}],"wp:attachment":[{"href":"https:\/\/art-n-sheba.ch\/de\/wp-json\/wp\/v2\/media?parent=315"}],"wp:term":[{"taxonomy":"product_brand","embeddable":true,"href":"https:\/\/art-n-sheba.ch\/de\/wp-json\/wp\/v2\/product_brand?post=315"},{"taxonomy":"product_cat","embeddable":true,"href":"https:\/\/art-n-sheba.ch\/de\/wp-json\/wp\/v2\/product_cat?post=315"},{"taxonomy":"product_tag","embeddable":true,"href":"https:\/\/art-n-sheba.ch\/de\/wp-json\/wp\/v2\/product_tag?post=315"}],"curies":[{"name":"wp","href":"https:\/\/api.w.org\/{rel}","templated":true}]}}