{"id":314,"date":"2024-02-27T17:37:39","date_gmt":"2024-02-27T16:37:39","guid":{"rendered":"https:\/\/art-n-sheba.ch\/?post_type=product&#038;p=314"},"modified":"2024-07-27T17:41:36","modified_gmt":"2024-07-27T15:41:36","slug":"sideboard-1960","status":"publish","type":"product","link":"https:\/\/art-n-sheba.ch\/de\/produkt\/sideboard-1960\/","title":{"rendered":"Sideboard 1960"},"content":{"rendered":"<p>Dieses Schweizer Sideboard aus den 1960er Jahren, entworfen vom renommierten Designer Kurt Thut, ist ein Meisterwerk des Vintage-Designs. Es besteht aus Kiefernholz und verf\u00fcgt \u00fcber originale Schiebet\u00fcren aus blaugrau lackierter Hartfaserplatte. Mit den Ma\u00dfen 150 cm L\u00e4nge, 75 cm H\u00f6he und 45 cm Tiefe bietet dieses M\u00f6belst\u00fcck gro\u00dfz\u00fcgigen Stauraum. Dieses von Victoria M\u00f6bel signierte St\u00fcck ist in gutem Zustand, was seine Authentizit\u00e4t und au\u00dfergew\u00f6hnliche Qualit\u00e4t widerspiegelt.<\/p>","protected":false},"excerpt":{"rendered":"<p>Ce sideboard suisse des ann\u00e9es 1960, con\u00e7u par le renomm\u00e9 designer Kurt Thut, est une pi\u00e8ce ma\u00eetresse du design vintage. Fabriqu\u00e9 en pin, il est dot\u00e9 de portes coulissantes en isorel laqu\u00e9 bleu gris d&rsquo;origine. Avec des dimensions de 150 cm de longueur, 75 cm de hauteur et 45 cm de profondeur, ce meuble offre [&hellip;]<\/p>\n","protected":false},"featured_media":308,"template":"","meta":{"_et_pb_use_builder":"","_et_pb_old_content":"","_et_gb_content_width":""},"product_brand":[],"product_cat":[27],"product_tag":[],"class_list":{"0":"post-314","1":"product","2":"type-product","3":"status-publish","4":"has-post-thumbnail","6":"product_cat-mobilier","8":"first","9":"instock","10":"shipping-taxable","11":"purchasable","12":"product-type-simple"},"_links":{"self":[{"href":"https:\/\/art-n-sheba.ch\/de\/wp-json\/wp\/v2\/product\/314","targetHints":{"allow":["GET"]}}],"collection":[{"href":"https:\/\/art-n-sheba.ch\/de\/wp-json\/wp\/v2\/product"}],"about":[{"href":"https:\/\/art-n-sheba.ch\/de\/wp-json\/wp\/v2\/types\/product"}],"wp:featuredmedia":[{"embeddable":true,"href":"https:\/\/art-n-sheba.ch\/de\/wp-json\/wp\/v2\/media\/308"}],"wp:attachment":[{"href":"https:\/\/art-n-sheba.ch\/de\/wp-json\/wp\/v2\/media?parent=314"}],"wp:term":[{"taxonomy":"product_brand","embeddable":true,"href":"https:\/\/art-n-sheba.ch\/de\/wp-json\/wp\/v2\/product_brand?post=314"},{"taxonomy":"product_cat","embeddable":true,"href":"https:\/\/art-n-sheba.ch\/de\/wp-json\/wp\/v2\/product_cat?post=314"},{"taxonomy":"product_tag","embeddable":true,"href":"https:\/\/art-n-sheba.ch\/de\/wp-json\/wp\/v2\/product_tag?post=314"}],"curies":[{"name":"wp","href":"https:\/\/api.w.org\/{rel}","templated":true}]}}