{"id":313,"date":"2024-07-27T17:36:22","date_gmt":"2024-07-27T15:36:22","guid":{"rendered":"https:\/\/art-n-sheba.ch\/?post_type=product&#038;p=313"},"modified":"2024-07-27T17:36:23","modified_gmt":"2024-07-27T15:36:23","slug":"lampe-japonaise","status":"publish","type":"product","link":"https:\/\/art-n-sheba.ch\/de\/produkt\/lampe-japonaise\/","title":{"rendered":"Japanische Lampe"},"content":{"rendered":"<p>Entdecken Sie diese elegante japanische Lampe aus den 1960er Jahren, hergestellt mit einem raffinierten Rattanrahmen und einem zarten Lampenschirm aus japanischem Papier. Mit einer H\u00f6he von 90 cm erinnert dieses einzigartige St\u00fcck an die traditionelle japanische \u00c4sthetik.<\/p>","protected":false},"excerpt":{"rendered":"<p>Entdecken Sie diese elegante japanische Lampe aus den 1960er Jahren, hergestellt mit einem raffinierten Rattanrahmen und einem zarten Lampenschirm aus japanischem Papier. Mit einer H\u00f6he von 90 cm erinnert dieses einzigartige St\u00fcck an die traditionelle japanische \u00c4sthetik.<\/p>","protected":false},"featured_media":299,"template":"","meta":{"_et_pb_use_builder":"","_et_pb_old_content":"","_et_gb_content_width":""},"product_brand":[],"product_cat":[25],"product_tag":[],"class_list":{"0":"post-313","1":"product","2":"type-product","3":"status-publish","4":"has-post-thumbnail","6":"product_cat-lampes","8":"first","9":"instock","10":"shipping-taxable","11":"purchasable","12":"product-type-simple"},"_links":{"self":[{"href":"https:\/\/art-n-sheba.ch\/de\/wp-json\/wp\/v2\/product\/313","targetHints":{"allow":["GET"]}}],"collection":[{"href":"https:\/\/art-n-sheba.ch\/de\/wp-json\/wp\/v2\/product"}],"about":[{"href":"https:\/\/art-n-sheba.ch\/de\/wp-json\/wp\/v2\/types\/product"}],"wp:featuredmedia":[{"embeddable":true,"href":"https:\/\/art-n-sheba.ch\/de\/wp-json\/wp\/v2\/media\/299"}],"wp:attachment":[{"href":"https:\/\/art-n-sheba.ch\/de\/wp-json\/wp\/v2\/media?parent=313"}],"wp:term":[{"taxonomy":"product_brand","embeddable":true,"href":"https:\/\/art-n-sheba.ch\/de\/wp-json\/wp\/v2\/product_brand?post=313"},{"taxonomy":"product_cat","embeddable":true,"href":"https:\/\/art-n-sheba.ch\/de\/wp-json\/wp\/v2\/product_cat?post=313"},{"taxonomy":"product_tag","embeddable":true,"href":"https:\/\/art-n-sheba.ch\/de\/wp-json\/wp\/v2\/product_tag?post=313"}],"curies":[{"name":"wp","href":"https:\/\/api.w.org\/{rel}","templated":true}]}}