{"id":164,"date":"2024-07-27T06:23:56","date_gmt":"2024-07-27T04:23:56","guid":{"rendered":"https:\/\/art-n-sheba.ch\/?post_type=product&#038;p=164"},"modified":"2024-07-27T17:14:28","modified_gmt":"2024-07-27T15:14:28","slug":"lorgine-du-monde","status":"publish","type":"product","link":"https:\/\/art-n-sheba.ch\/de\/produkt\/lorgine-du-monde\/","title":{"rendered":"Der Ursprung der Welt"},"content":{"rendered":"<div>\n<div>\n<div>\u201eDer Ursprung der Welt\u201c, eine gro\u00dfe geschwei\u00dfte Metallskulptur, signiert vom zeitgen\u00f6ssischen K\u00fcnstler Cyrille Husson. Mit den Ma\u00dfen 200 x 110 x 50 cm spiegelt dieses imposante Werk das Talent und die einzigartige Vision von Husson, einem in Lyon ans\u00e4ssigen Bildhauer, wider. Er arbeitet haupts\u00e4chlich f\u00fcr Gemeinden und schafft nur drei bis vier monumentale Skulpturen pro Jahr, was jedes seiner Werke zu einem seltenen und kostbaren St\u00fcck macht.<\/div>\n<div><\/div>\n<\/div>\n<div><\/div>\n<\/div>\n<div><\/div>","protected":false},"excerpt":{"rendered":"<p>\u00ab\u00a0L&rsquo;Origine du Monde,\u00a0\u00bb une grande sculpture en m\u00e9tal soud\u00e9 sign\u00e9e par l&rsquo;artiste contemporain Cyrille Husson. Mesurant 200 x 110 x 50 cm, cette \u0153uvre imposante refl\u00e8te le talent et la vision unique de Husson, sculpteur bas\u00e9 \u00e0 Lyon. Travaillant principalement pour les collectivit\u00e9s, il cr\u00e9e seulement 3 \u00e0 4 sculptures monumentales par an, faisant de [&hellip;]<\/p>\n","protected":false},"featured_media":148,"template":"","meta":{"_et_pb_use_builder":"","_et_pb_old_content":"","_et_gb_content_width":""},"product_brand":[],"product_cat":[26],"product_tag":[],"class_list":{"0":"post-164","1":"product","2":"type-product","3":"status-publish","4":"has-post-thumbnail","6":"product_cat-sculpture","8":"first","9":"instock","10":"shipping-taxable","11":"purchasable","12":"product-type-simple"},"_links":{"self":[{"href":"https:\/\/art-n-sheba.ch\/de\/wp-json\/wp\/v2\/product\/164","targetHints":{"allow":["GET"]}}],"collection":[{"href":"https:\/\/art-n-sheba.ch\/de\/wp-json\/wp\/v2\/product"}],"about":[{"href":"https:\/\/art-n-sheba.ch\/de\/wp-json\/wp\/v2\/types\/product"}],"wp:featuredmedia":[{"embeddable":true,"href":"https:\/\/art-n-sheba.ch\/de\/wp-json\/wp\/v2\/media\/148"}],"wp:attachment":[{"href":"https:\/\/art-n-sheba.ch\/de\/wp-json\/wp\/v2\/media?parent=164"}],"wp:term":[{"taxonomy":"product_brand","embeddable":true,"href":"https:\/\/art-n-sheba.ch\/de\/wp-json\/wp\/v2\/product_brand?post=164"},{"taxonomy":"product_cat","embeddable":true,"href":"https:\/\/art-n-sheba.ch\/de\/wp-json\/wp\/v2\/product_cat?post=164"},{"taxonomy":"product_tag","embeddable":true,"href":"https:\/\/art-n-sheba.ch\/de\/wp-json\/wp\/v2\/product_tag?post=164"}],"curies":[{"name":"wp","href":"https:\/\/api.w.org\/{rel}","templated":true}]}}