{"id":129,"date":"2024-05-02T13:30:17","date_gmt":"2024-05-02T11:30:17","guid":{"rendered":"https:\/\/art-n-sheba.ch\/?post_type=product&#038;p=129"},"modified":"2024-07-27T17:16:43","modified_gmt":"2024-07-27T15:16:43","slug":"oeuvre-4","status":"publish","type":"product","link":"https:\/\/art-n-sheba.ch\/de\/produkt\/oeuvre-4\/","title":{"rendered":"Paar Coconut-Sessel aus den 1970er Jahren"},"content":{"rendered":"<div>Paar Coconut-Sessel aus den 1970er Jahren, hergestellt aus Fiberglas und komplett neu gewebt mit pr\u00e4chtigem Missoni-Stoff. Mit einer H\u00f6he von 150 cm, einer R\u00fcckenlehne von 45 cm, einer Breite von 70 cm und einer Tiefe von 80 cm vereinen diese Sessel ikonisches und k\u00fchnes Design mit der Eleganz der Missoni-Muster und machen sie zu einzigartigen und faszinierenden St\u00fccken. Diese St\u00fchle sind nicht nur au\u00dfergew\u00f6hnliche Beispiele f\u00fcr die Innovation der 70er Jahre, sie verleihen jeder Einrichtung auch einen Hauch von Raffinesse und Modernit\u00e4t.<\/div>\n<div><\/div>","protected":false},"excerpt":{"rendered":"<p>Paire de fauteuils Coconut des ann\u00e9es 1970, fabriqu\u00e9s en fibre de verre et enti\u00e8rement retiss\u00e9s avec un somptueux tissu Missoni. Mesurant 150 cm de haut avec un dossier de 45 cm, une largeur de 70 cm et une profondeur de 80 cm, ces fauteuils allient design embl\u00e9matique et audacieux \u00e0 l&rsquo;\u00e9l\u00e9gance des motifs Missoni, en [&hellip;]<\/p>\n","protected":false},"featured_media":150,"template":"","meta":{"_et_pb_use_builder":"","_et_pb_old_content":"","_et_gb_content_width":""},"product_brand":[],"product_cat":[27],"product_tag":[],"class_list":{"0":"post-129","1":"product","2":"type-product","3":"status-publish","4":"has-post-thumbnail","6":"product_cat-mobilier","8":"first","9":"instock","10":"featured","11":"shipping-taxable","12":"purchasable","13":"product-type-simple"},"_links":{"self":[{"href":"https:\/\/art-n-sheba.ch\/de\/wp-json\/wp\/v2\/product\/129","targetHints":{"allow":["GET"]}}],"collection":[{"href":"https:\/\/art-n-sheba.ch\/de\/wp-json\/wp\/v2\/product"}],"about":[{"href":"https:\/\/art-n-sheba.ch\/de\/wp-json\/wp\/v2\/types\/product"}],"wp:featuredmedia":[{"embeddable":true,"href":"https:\/\/art-n-sheba.ch\/de\/wp-json\/wp\/v2\/media\/150"}],"wp:attachment":[{"href":"https:\/\/art-n-sheba.ch\/de\/wp-json\/wp\/v2\/media?parent=129"}],"wp:term":[{"taxonomy":"product_brand","embeddable":true,"href":"https:\/\/art-n-sheba.ch\/de\/wp-json\/wp\/v2\/product_brand?post=129"},{"taxonomy":"product_cat","embeddable":true,"href":"https:\/\/art-n-sheba.ch\/de\/wp-json\/wp\/v2\/product_cat?post=129"},{"taxonomy":"product_tag","embeddable":true,"href":"https:\/\/art-n-sheba.ch\/de\/wp-json\/wp\/v2\/product_tag?post=129"}],"curies":[{"name":"wp","href":"https:\/\/api.w.org\/{rel}","templated":true}]}}