{"id":123,"date":"2024-05-02T13:23:19","date_gmt":"2024-05-02T11:23:19","guid":{"rendered":"https:\/\/art-n-sheba.ch\/?post_type=product&#038;p=123"},"modified":"2024-07-27T17:17:09","modified_gmt":"2024-07-27T15:17:09","slug":"oeuvre-1","status":"publish","type":"product","link":"https:\/\/art-n-sheba.ch\/de\/produkt\/oeuvre-1\/","title":{"rendered":"Gro\u00dfe teleskopierbare und neigbare Stehleuchte aus den 1970er Jahren"},"content":{"rendered":"<p>Gro\u00dfe teleskopierbare und neigbare Stehleuchte aus den 1970er Jahren, hergestellt aus gelbem und wei\u00dfem Plexiglas. Mit einer H\u00f6he von 150 cm bis 200 cm und einem Durchmesser von 50 cm ist diese Stehleuchte franz\u00f6sischer Herkunft in gutem Zustand und zeichnet sich durch einen sehr stabilen Sockel aus. Das ausgekl\u00fcgelte Design verf\u00fcgt \u00fcber einen Ventilator, der verhindert, dass der Kunststoff schmilzt oder verbrennt, und sorgt so f\u00fcr eine sichere und langlebige Verwendung. Diese einzigartige Stehlampe verleiht Ihrem Interieur einen Hauch von Farbe.<\/p>","protected":false},"excerpt":{"rendered":"<p>Grand lampadaire t\u00e9lescopique et inclinable des ann\u00e9es 1970, fabriqu\u00e9 en plexiglas jaune et blanc. Mesurant de 150 cm \u00e0 200 cm de hauteur et 50 cm de diam\u00e8tre, ce lampadaire d&rsquo;origine fran\u00e7aise est en bon \u00e9tat et se distingue par son pi\u00e9tement tr\u00e8s stable. Ing\u00e9nieusement con\u00e7u, il int\u00e8gre un ventilateur pour \u00e9viter que le plastique [&hellip;]<\/p>\n","protected":false},"featured_media":139,"template":"","meta":{"_et_pb_use_builder":"","_et_pb_old_content":"","_et_gb_content_width":""},"product_brand":[],"product_cat":[25],"product_tag":[],"class_list":{"0":"post-123","1":"product","2":"type-product","3":"status-publish","4":"has-post-thumbnail","6":"product_cat-lampes","8":"first","9":"instock","10":"featured","11":"shipping-taxable","12":"purchasable","13":"product-type-simple"},"_links":{"self":[{"href":"https:\/\/art-n-sheba.ch\/de\/wp-json\/wp\/v2\/product\/123","targetHints":{"allow":["GET"]}}],"collection":[{"href":"https:\/\/art-n-sheba.ch\/de\/wp-json\/wp\/v2\/product"}],"about":[{"href":"https:\/\/art-n-sheba.ch\/de\/wp-json\/wp\/v2\/types\/product"}],"wp:featuredmedia":[{"embeddable":true,"href":"https:\/\/art-n-sheba.ch\/de\/wp-json\/wp\/v2\/media\/139"}],"wp:attachment":[{"href":"https:\/\/art-n-sheba.ch\/de\/wp-json\/wp\/v2\/media?parent=123"}],"wp:term":[{"taxonomy":"product_brand","embeddable":true,"href":"https:\/\/art-n-sheba.ch\/de\/wp-json\/wp\/v2\/product_brand?post=123"},{"taxonomy":"product_cat","embeddable":true,"href":"https:\/\/art-n-sheba.ch\/de\/wp-json\/wp\/v2\/product_cat?post=123"},{"taxonomy":"product_tag","embeddable":true,"href":"https:\/\/art-n-sheba.ch\/de\/wp-json\/wp\/v2\/product_tag?post=123"}],"curies":[{"name":"wp","href":"https:\/\/api.w.org\/{rel}","templated":true}]}}